{"id":1148,"date":"2016-10-10T21:31:52","date_gmt":"2016-10-10T21:31:52","guid":{"rendered":"http:\/\/solucioneslegalesya.com\/?page_id=1148"},"modified":"2021-03-30T18:38:58","modified_gmt":"2021-03-30T18:38:58","slug":"tiene-un-caso-de-accidente-de-auto","status":"publish","type":"page","link":"https:\/\/abogadocenters.com\/?page_id=1148","title":{"rendered":"\u00bfTiene un Caso de Accidente de Auto?"},"content":{"rendered":"<p>[vc_row][vc_column][vc_column_text]<\/p>\n<hr \/>\n<h3 style=\"text-align: center;\"><\/h3>\n<h4 style=\"text-align: justify;\">Llame inmediatamente al <strong>1-888-866-7010<\/strong>. Estamos disponibles las 24 horas del d\u00eda, y vamos \u00a0a usted &#8211; ya sea que se encuentre en su casa, trabajo u hospital el en Condado de Los Angeles, Riverside o San Bernadino.<\/h4>\n<h4 style=\"text-align: justify;\">Usted no tiene que pasar por estos tiempos dif\u00edciles solo. Obtenga la tranquilidad de saber que La Oficina Legal del Abogado Raymond P\u00e9rez estar\u00e1 con usted en cada paso del proceso.<\/h4>\n<h4 style=\"text-align: justify;\"><strong>MUY IMPORTANTE<\/strong>, no se debe pedir perd\u00f3n por algo en la escena. Por ejemplo, si usted dice, &#8220;\u00a1Lo siento mucho me encontr\u00e9 con que la luz roja! \u00bfEst\u00e1n todos bien?&#8221; Se le puede admitir la responsabilidad legal por lo que pas\u00f3. <strong>Inmediatamente<\/strong> despu\u00e9s de un accidente, puede que no sea claro qui\u00e9n tuvo la culpa o m\u00e1s culpable. Por otra parte, en muchos estados, la culpa no es determinante de la cual la aseguradora pagar\u00e1 por cualquier p\u00e9rdida. Por lo tanto, trate de no admitir su culpabilidad involuntariamente o innecesariamente.<\/h4>\n<p><img loading=\"lazy\" decoding=\"async\" class=\"wp-image-1042 aligncenter\" src=\"http:\/\/solucioneslegalesya.com\/wp-content\/uploads\/2016\/01\/professional photos\/black car accident -300x220.jpg\" alt=\"Crashed cars automobile collision accident at city road\" width=\"620\" height=\"455\" srcset=\"https:\/\/abogadocenters.com\/wp-content\/uploads\/2016\/01\/professional%20photos\/black%20car%20accident%20-300x220.jpg 300w, https:\/\/abogadocenters.com\/wp-content\/uploads\/2016\/01\/professional%20photos\/black%20car%20accident%20-768x564.jpg 768w, https:\/\/abogadocenters.com\/wp-content\/uploads\/2016\/01\/professional%20photos\/black%20car%20accident%20-1024x752.jpg 1024w, https:\/\/abogadocenters.com\/wp-content\/uploads\/2016\/01\/professional%20photos\/black%20car%20accident%20-1140x838.jpg 1140w, https:\/\/abogadocenters.com\/wp-content\/uploads\/2016\/01\/professional%20photos\/black%20car%20accident%20-848x623.jpg 848w\" sizes=\"auto, (max-width: 620px) 100vw, 620px\" \/><\/p>\n<h3 style=\"text-align: center;\"><\/h3>\n<h3 style=\"text-align: center;\"><\/h3>\n<h3 style=\"text-align: center;\"><strong>\u00bfQu\u00e9 pasa despu\u00e9s de un accidente?<\/strong><\/h3>\n<hr \/>\n<h4 style=\"text-align: justify;\">\u00a0 \u00a0 Cuando esto ocurre, las lesiones pueden ser graves y las emociones son altas. Sin embargo, hay cosas importantes que hacer en la escena del accidente. A continuaci\u00f3n se muestra una lista de cosas que hacer despu\u00e9s de un accidente.<\/h4>\n<p>&nbsp;<\/p>\n<h4 style=\"text-align: justify;\">\u2022 Permanezca en la escena<\/h4>\n<h4>\u2022 Control de la totalidad conductores y pasajeros<\/h4>\n<h4>\u2022 Llame a la polic\u00eda<\/h4>\n<h4>\u2022 Intercambiar informaci\u00f3n<\/h4>\n<h4>\u2022 Tomar fotograf\u00edas<\/h4>\n<h4>\u2022 Hable con los testigos<\/h4>\n<h4>\u2022 Informe a su compa\u00f1\u00eda de seguros<\/h4>\n<h4>\u2022 Mantenga un registro de su tratamiento m\u00e9dico<\/h4>\n<h4>\u2022 Obtener una evaluaci\u00f3n de da\u00f1os de propiedad<\/h4>\n<h4>\u2022 Tenga cuidado al discutir el Incidente<\/h4>\n<h4>\u2022 Tenga cuidado con las ofertas pronta soluci\u00f3n<\/h4>\n<h4>\u2022 Considere la posibilidad de contratar a un abogado<\/h4>\n<p>&nbsp;<\/p>\n<h4 style=\"text-align: justify;\">Despu\u00e9s de un accidente que altera la vida, se necesita un abogado con experiencia para <strong>negociar<\/strong> con las compa\u00f1\u00edas de seguros, manejar todo el documentacion legal, y asegurarse de que est\u00e1 totalmente <strong>compensado por sus lesiones, gastos m\u00e9dicos, y la angustia emocional<\/strong>. La Oficina Legal del Abogado Raymond Perez, le ayudara en forma Efectiva y segura a reparar o reemplazar su veh\u00edculo da\u00f1ado, y obtener referencia m\u00e9dica. Si alguien result\u00f3 herido en el accidente, lo mejor es consultar a un abogado con experiencia. Un abogado puede ayudarle a maximizar su recuperaci\u00f3n si se lesiona o mejor defenderse si es culpable.<\/h4>\n<p><img loading=\"lazy\" decoding=\"async\" class=\"wp-image-1049 aligncenter\" src=\"http:\/\/solucioneslegalesya.com\/wp-content\/uploads\/2016\/01\/professional photos\/iStock_30702694_LARGE-300x200.jpg\" alt=\"Driver Suffering From Whiplash After Traffic Collision, holding his neck\" width=\"590\" height=\"393\" srcset=\"https:\/\/abogadocenters.com\/wp-content\/uploads\/2016\/01\/professional%20photos\/iStock_30702694_LARGE-300x200.jpg 300w, https:\/\/abogadocenters.com\/wp-content\/uploads\/2016\/01\/professional%20photos\/iStock_30702694_LARGE-768x512.jpg 768w, https:\/\/abogadocenters.com\/wp-content\/uploads\/2016\/01\/professional%20photos\/iStock_30702694_LARGE-1024x683.jpg 1024w, https:\/\/abogadocenters.com\/wp-content\/uploads\/2016\/01\/professional%20photos\/iStock_30702694_LARGE-600x400.jpg 600w, https:\/\/abogadocenters.com\/wp-content\/uploads\/2016\/01\/professional%20photos\/iStock_30702694_LARGE-1140x760.jpg 1140w, https:\/\/abogadocenters.com\/wp-content\/uploads\/2016\/01\/professional%20photos\/iStock_30702694_LARGE-848x565.jpg 848w\" sizes=\"auto, (max-width: 590px) 100vw, 590px\" \/><\/p>\n<h3 style=\"text-align: center;\"><strong>\u00bfPor qu\u00e9 elegir La Oficina Legal del Abogado de Raymond Perez?<\/strong><\/h3>\n<hr \/>\n<h4 style=\"text-align: justify;\">\u00a0 Al elegir los servicios del abogados para que lo represente. Las compa\u00f1\u00edas de seguros en general, tratar de minimizar su reclamo o <strong>negar<\/strong> por completo. Usted necesita un abogado que luchar\u00e1 para asegurar la <strong>M\u00e1xima Compensaci\u00f3n Monetaria<\/strong> por sus p\u00e9rdidas. Esto incluye sus lesiones f\u00edsicas y emocionales, as\u00ed como cualquier da\u00f1o a su propiedad. Muchos abogados trabajan sobre una base de honorarios de contingencia. Eso significa que su abogado s\u00f3lo recibe una comisi\u00f3n si usted es la indemnizaci\u00f3n concedida o recibe un arreglo.<\/h4>\n<h4 style=\"text-align: justify;\">&#8220;<strong>\u00a1SI NO GANAMOS, NO COBRAMOS!<\/strong>&#8221; P\u00f3ngase en contacto con nuestra oficina con una revisi\u00f3n reivindicaci\u00f3n gratuita con un abogado con experiencia! Las Oficinas Legales de Raymond P\u00e9rez tienen m\u00e1s de 25 a\u00f1os de experiencia representando a v\u00edctimas de accidentes de veh\u00edculo con una tasa de \u00e9xito del <strong>90%<\/strong> de todo el sur de California.<\/h4>\n<p><img loading=\"lazy\" decoding=\"async\" class=\"wp-image-1065 aligncenter\" src=\"http:\/\/solucioneslegalesya.com\/wp-content\/uploads\/2016\/01\/professional photos\/iStock_98500683_XLARGE-300x200.jpg\" alt=\"Money and Justice\" width=\"620\" height=\"413\" srcset=\"https:\/\/abogadocenters.com\/wp-content\/uploads\/2016\/01\/professional%20photos\/iStock_98500683_XLARGE-300x200.jpg 300w, https:\/\/abogadocenters.com\/wp-content\/uploads\/2016\/01\/professional%20photos\/iStock_98500683_XLARGE-768x512.jpg 768w, https:\/\/abogadocenters.com\/wp-content\/uploads\/2016\/01\/professional%20photos\/iStock_98500683_XLARGE-1024x683.jpg 1024w, https:\/\/abogadocenters.com\/wp-content\/uploads\/2016\/01\/professional%20photos\/iStock_98500683_XLARGE-600x400.jpg 600w, https:\/\/abogadocenters.com\/wp-content\/uploads\/2016\/01\/professional%20photos\/iStock_98500683_XLARGE-1140x760.jpg 1140w, https:\/\/abogadocenters.com\/wp-content\/uploads\/2016\/01\/professional%20photos\/iStock_98500683_XLARGE-848x565.jpg 848w\" sizes=\"auto, (max-width: 620px) 100vw, 620px\" \/><\/p>\n<h3 style=\"text-align: center;\"><\/h3>\n<h4><\/h4>\n<p>[\/vc_column_text][\/vc_column][\/vc_row]<\/p>\n","protected":false},"excerpt":{"rendered":"<p>[vc_row][vc_column][vc_column_text] Llame inmediatamente al 1-888-866-7010. Estamos disponibles las 24 horas del d\u00eda, y vamos \u00a0a usted &#8211; ya sea que se encuentre en su casa, trabajo u hospital el en Condado de Los Angeles, Riverside o San Bernadino. Usted no tiene que pasar por estos tiempos dif\u00edciles solo. Obtenga la tranquilidad de saber que La [&hellip;]<\/p>\n","protected":false},"author":1,"featured_media":0,"parent":0,"menu_order":0,"comment_status":"closed","ping_status":"closed","template":"","meta":{"footnotes":""},"class_list":["post-1148","page","type-page","status-publish","hentry"],"_links":{"self":[{"href":"https:\/\/abogadocenters.com\/index.php?rest_route=\/wp\/v2\/pages\/1148","targetHints":{"allow":["GET"]}}],"collection":[{"href":"https:\/\/abogadocenters.com\/index.php?rest_route=\/wp\/v2\/pages"}],"about":[{"href":"https:\/\/abogadocenters.com\/index.php?rest_route=\/wp\/v2\/types\/page"}],"author":[{"embeddable":true,"href":"https:\/\/abogadocenters.com\/index.php?rest_route=\/wp\/v2\/users\/1"}],"replies":[{"embeddable":true,"href":"https:\/\/abogadocenters.com\/index.php?rest_route=%2Fwp%2Fv2%2Fcomments&post=1148"}],"version-history":[{"count":10,"href":"https:\/\/abogadocenters.com\/index.php?rest_route=\/wp\/v2\/pages\/1148\/revisions"}],"predecessor-version":[{"id":1284,"href":"https:\/\/abogadocenters.com\/index.php?rest_route=\/wp\/v2\/pages\/1148\/revisions\/1284"}],"wp:attachment":[{"href":"https:\/\/abogadocenters.com\/index.php?rest_route=%2Fwp%2Fv2%2Fmedia&parent=1148"}],"curies":[{"name":"wp","href":"https:\/\/api.w.org\/{rel}","templated":true}]}}