{"id":1153,"date":"2016-10-10T21:53:46","date_gmt":"2016-10-10T21:53:46","guid":{"rendered":"http:\/\/solucioneslegalesya.com\/?page_id=1153"},"modified":"2021-03-30T18:57:28","modified_gmt":"2021-03-30T18:57:28","slug":"capitulo-7-de-bancarrota","status":"publish","type":"page","link":"https:\/\/abogadocenters.com\/?page_id=1153","title":{"rendered":"Capitulo 7 de Bancarrota"},"content":{"rendered":"<p>[vc_row][vc_column][vc_column_text]<\/p>\n<h3 style=\"text-align: center;\"><\/h3>\n<hr \/>\n<h4 style=\"text-align: justify;\"><\/h4>\n<h4>\u00a0 \u00a0Cap\u00edtulo 7 de bancarrota es un proceso que le da la oportunidad de hacer un <strong>nuevo comienzo financiero<\/strong>. El abogado Raymond Perez le ayudar\u00e1 a eliminar su deuda no garantizada, tales como tarjetas de cr\u00e9dito, pr\u00e9stamos personales, cuentas m\u00e9dicas, y Reposici\u00f3n de alg\u00fan veh\u00edculo.\u00a0El proceso de bancarrota es un proceso muy complicado. La Oficina Legal del Abogado Raymond P\u00e9rez le servir\u00e1n de gu\u00eda a trav\u00e9s de todo el proceso legal.<\/h4>\n<p>&nbsp;<\/p>\n<p><img loading=\"lazy\" decoding=\"async\" class=\"wp-image-1045 aligncenter\" src=\"http:\/\/solucioneslegalesya.com\/wp-content\/uploads\/2016\/01\/professional photos\/ch 7-300x200.jpg\" alt=\"Documents for filing bankruptcy Chapter 7\" width=\"615\" height=\"410\" srcset=\"https:\/\/abogadocenters.com\/wp-content\/uploads\/2016\/01\/professional%20photos\/ch%207-300x200.jpg 300w, https:\/\/abogadocenters.com\/wp-content\/uploads\/2016\/01\/professional%20photos\/ch%207-768x512.jpg 768w, https:\/\/abogadocenters.com\/wp-content\/uploads\/2016\/01\/professional%20photos\/ch%207-1024x683.jpg 1024w, https:\/\/abogadocenters.com\/wp-content\/uploads\/2016\/01\/professional%20photos\/ch%207-600x400.jpg 600w, https:\/\/abogadocenters.com\/wp-content\/uploads\/2016\/01\/professional%20photos\/ch%207-1140x760.jpg 1140w, https:\/\/abogadocenters.com\/wp-content\/uploads\/2016\/01\/professional%20photos\/ch%207-848x565.jpg 848w\" sizes=\"auto, (max-width: 615px) 100vw, 615px\" \/><\/p>\n<h3 style=\"text-align: center;\">Alivio de la deuda<\/h3>\n<hr \/>\n<h4 style=\"text-align: justify;\"><\/h4>\n<h4>El prop\u00f3sito del <strong>Cap\u00edtulo 7<\/strong> de bancarrota es para que pueda conservar su casa, su auto y sus pertenencias personales, y se <strong>eliminara todas sus deudas<\/strong>.<\/h4>\n<h4>Usted obtendr\u00e1 asesoramiento fiable de un abogado con m\u00e1s de <strong>25<\/strong> a<span lang=\"es\">\u00f1o<\/span>s de experiencia. Le podemos ayudar a detener el acoso de acredores, agencias de colecciones, y embargos de salarios. Usted puede comenzar a restablecer su cr\u00e9dito de inmediato para comprar una casa o un carro y calificar para las tarjetas de cr\u00e9dito.<\/h4>\n<h4>Con los a\u00f1os de experiencia le podemos ayudar en todas las facetas del Cap\u00edtulo 7 de bancarrota. Vamos a luchar para usted y ser su defensor, durante todo el proceso.<\/h4>\n<h4>Para obtener toda la informaci\u00f3n y responder a cada una de sus preguntas, llame a nuestra oficina para una consulta telef\u00f3nica hoy.<\/h4>\n<p><img loading=\"lazy\" decoding=\"async\" class=\"wp-image-1047 aligncenter\" src=\"http:\/\/solucioneslegalesya.com\/wp-content\/uploads\/2016\/01\/professional photos\/iStock_17333100_XLARGE-300x200.jpg\" alt=\"Sand passes through an hourglass that sits on top of an invoice stamped with a past due notice. The concept conveys the idea that time is running out an unpaid debt. A strong directional light crosses the image creating light play and strong shadows cast by the hourglass.\" width=\"596\" height=\"397\" srcset=\"https:\/\/abogadocenters.com\/wp-content\/uploads\/2016\/01\/professional%20photos\/iStock_17333100_XLARGE-300x200.jpg 300w, https:\/\/abogadocenters.com\/wp-content\/uploads\/2016\/01\/professional%20photos\/iStock_17333100_XLARGE-768x512.jpg 768w, https:\/\/abogadocenters.com\/wp-content\/uploads\/2016\/01\/professional%20photos\/iStock_17333100_XLARGE-1024x683.jpg 1024w, https:\/\/abogadocenters.com\/wp-content\/uploads\/2016\/01\/professional%20photos\/iStock_17333100_XLARGE-600x400.jpg 600w, https:\/\/abogadocenters.com\/wp-content\/uploads\/2016\/01\/professional%20photos\/iStock_17333100_XLARGE-1140x760.jpg 1140w, https:\/\/abogadocenters.com\/wp-content\/uploads\/2016\/01\/professional%20photos\/iStock_17333100_XLARGE-848x565.jpg 848w\" sizes=\"auto, (max-width: 596px) 100vw, 596px\" \/>[\/vc_column_text][\/vc_column][\/vc_row]<\/p>\n","protected":false},"excerpt":{"rendered":"<p>[vc_row][vc_column][vc_column_text] \u00a0 \u00a0Cap\u00edtulo 7 de bancarrota es un proceso que le da la oportunidad de hacer un nuevo comienzo financiero. El abogado Raymond Perez le ayudar\u00e1 a eliminar su deuda no garantizada, tales como tarjetas de cr\u00e9dito, pr\u00e9stamos personales, cuentas m\u00e9dicas, y Reposici\u00f3n de alg\u00fan veh\u00edculo.\u00a0El proceso de bancarrota es un proceso muy complicado. La [&hellip;]<\/p>\n","protected":false},"author":1,"featured_media":0,"parent":0,"menu_order":0,"comment_status":"closed","ping_status":"closed","template":"","meta":{"footnotes":""},"class_list":["post-1153","page","type-page","status-publish","hentry"],"_links":{"self":[{"href":"https:\/\/abogadocenters.com\/index.php?rest_route=\/wp\/v2\/pages\/1153","targetHints":{"allow":["GET"]}}],"collection":[{"href":"https:\/\/abogadocenters.com\/index.php?rest_route=\/wp\/v2\/pages"}],"about":[{"href":"https:\/\/abogadocenters.com\/index.php?rest_route=\/wp\/v2\/types\/page"}],"author":[{"embeddable":true,"href":"https:\/\/abogadocenters.com\/index.php?rest_route=\/wp\/v2\/users\/1"}],"replies":[{"embeddable":true,"href":"https:\/\/abogadocenters.com\/index.php?rest_route=%2Fwp%2Fv2%2Fcomments&post=1153"}],"version-history":[{"count":10,"href":"https:\/\/abogadocenters.com\/index.php?rest_route=\/wp\/v2\/pages\/1153\/revisions"}],"predecessor-version":[{"id":1293,"href":"https:\/\/abogadocenters.com\/index.php?rest_route=\/wp\/v2\/pages\/1153\/revisions\/1293"}],"wp:attachment":[{"href":"https:\/\/abogadocenters.com\/index.php?rest_route=%2Fwp%2Fv2%2Fmedia&parent=1153"}],"curies":[{"name":"wp","href":"https:\/\/api.w.org\/{rel}","templated":true}]}}